{"id":120,"date":"2018-11-21T11:40:56","date_gmt":"2018-11-21T11:40:56","guid":{"rendered":"https:\/\/dinamicline.rs\/?page_id=120"},"modified":"2020-10-27T08:17:16","modified_gmt":"2020-10-27T08:17:16","slug":"mechanic","status":"publish","type":"page","link":"https:\/\/dinamicline.rs\/?page_id=120","title":{"rendered":"MECHANIC"},"content":{"rendered":"\t\t<div data-elementor-type=\"wp-post\" data-elementor-id=\"120\" class=\"elementor elementor-120\">\n\t\t\t\t\t\t<div class=\"elementor-inner\">\n\t\t\t\t<div class=\"elementor-section-wrap\">\n\t\t\t\t\t\t\t\t\t<section class=\"elementor-section elementor-top-section elementor-element elementor-element-7e3a14d elementor-section-boxed elementor-section-height-default elementor-section-height-default\" data-id=\"7e3a14d\" data-element_type=\"section\">\n\t\t\t\t\t\t<div class=\"elementor-container elementor-column-gap-default\">\n\t\t\t\t\t\t\t<div class=\"elementor-row\">\n\t\t\t\t\t<div class=\"elementor-column elementor-col-100 elementor-top-column elementor-element elementor-element-6401b64\" data-id=\"6401b64\" data-element_type=\"column\">\n\t\t\t<div class=\"elementor-column-wrap elementor-element-populated\">\n\t\t\t\t\t\t\t<div class=\"elementor-widget-wrap\">\n\t\t\t\t\t\t<section class=\"elementor-section elementor-inner-section elementor-element elementor-element-73dc1f9 elementor-section-boxed elementor-section-height-default elementor-section-height-default\" data-id=\"73dc1f9\" data-element_type=\"section\">\n\t\t\t\t\t\t<div class=\"elementor-container elementor-column-gap-default\">\n\t\t\t\t\t\t\t<div class=\"elementor-row\">\n\t\t\t\t\t<div class=\"elementor-column elementor-col-50 elementor-inner-column elementor-element elementor-element-0e1c9b7\" data-id=\"0e1c9b7\" data-element_type=\"column\">\n\t\t\t<div class=\"elementor-column-wrap elementor-element-populated\">\n\t\t\t\t\t\t\t<div class=\"elementor-widget-wrap\">\n\t\t\t\t\t\t<div class=\"elementor-element elementor-element-cde487f elementor-widget elementor-widget-image\" data-id=\"cde487f\" data-element_type=\"widget\" data-widget_type=\"image.default\">\n\t\t\t\t<div class=\"elementor-widget-container\">\n\t\t\t\t\t\t\t\t<div class=\"elementor-image\">\n\t\t\t\t\t\t\t\t\t\t\t\t<img width=\"525\" height=\"255\" src=\"https:\/\/dinamicline.rs\/wp-content\/uploads\/2020\/10\/savijacica-lima-rucna-1024x498.jpg\" class=\"attachment-large size-large\" alt=\"savijacica lima apipong limarska masina\" loading=\"lazy\" srcset=\"https:\/\/dinamicline.rs\/wp-content\/uploads\/2020\/10\/savijacica-lima-rucna-1024x498.jpg 1024w, https:\/\/dinamicline.rs\/wp-content\/uploads\/2020\/10\/savijacica-lima-rucna-300x146.jpg 300w, https:\/\/dinamicline.rs\/wp-content\/uploads\/2020\/10\/savijacica-lima-rucna-768x373.jpg 768w, https:\/\/dinamicline.rs\/wp-content\/uploads\/2020\/10\/savijacica-lima-rucna.jpg 1600w\" sizes=\"100vw\" \/>\t\t\t\t\t\t\t\t\t\t\t\t\t\t<\/div>\n\t\t\t\t\t\t<\/div>\n\t\t\t\t<\/div>\n\t\t\t\t<div class=\"elementor-element elementor-element-abd636d elementor-widget elementor-widget-image\" data-id=\"abd636d\" data-element_type=\"widget\" data-widget_type=\"image.default\">\n\t\t\t\t<div class=\"elementor-widget-container\">\n\t\t\t\t\t\t\t\t<div class=\"elementor-image\">\n\t\t\t\t\t\t\t\t\t\t\t\t<img width=\"525\" height=\"295\" src=\"https:\/\/dinamicline.rs\/wp-content\/uploads\/2018\/11\/MECHANIC3-1024x576.jpg\" class=\"attachment-large size-large\" alt=\"MECHANIC BENDIG MACHINE\" loading=\"lazy\" srcset=\"https:\/\/dinamicline.rs\/wp-content\/uploads\/2018\/11\/MECHANIC3-1024x576.jpg 1024w, https:\/\/dinamicline.rs\/wp-content\/uploads\/2018\/11\/MECHANIC3-300x169.jpg 300w, https:\/\/dinamicline.rs\/wp-content\/uploads\/2018\/11\/MECHANIC3-768x432.jpg 768w\" sizes=\"100vw\" \/>\t\t\t\t\t\t\t\t\t\t\t\t\t\t<\/div>\n\t\t\t\t\t\t<\/div>\n\t\t\t\t<\/div>\n\t\t\t\t<div class=\"elementor-element elementor-element-192d2e2 elementor-widget elementor-widget-image\" data-id=\"192d2e2\" data-element_type=\"widget\" data-widget_type=\"image.default\">\n\t\t\t\t<div class=\"elementor-widget-container\">\n\t\t\t\t\t\t\t\t<div class=\"elementor-image\">\n\t\t\t\t\t\t\t\t\t\t\t\t<img width=\"525\" height=\"295\" src=\"https:\/\/dinamicline.rs\/wp-content\/uploads\/2018\/11\/MECHANIC-2A-1024x576.jpg\" class=\"attachment-large size-large\" alt=\"\" loading=\"lazy\" srcset=\"https:\/\/dinamicline.rs\/wp-content\/uploads\/2018\/11\/MECHANIC-2A-1024x576.jpg 1024w, https:\/\/dinamicline.rs\/wp-content\/uploads\/2018\/11\/MECHANIC-2A-300x169.jpg 300w, https:\/\/dinamicline.rs\/wp-content\/uploads\/2018\/11\/MECHANIC-2A-768x432.jpg 768w\" sizes=\"100vw\" \/>\t\t\t\t\t\t\t\t\t\t\t\t\t\t<\/div>\n\t\t\t\t\t\t<\/div>\n\t\t\t\t<\/div>\n\t\t\t\t<div class=\"elementor-element elementor-element-983b4d8 elementor-widget elementor-widget-image\" data-id=\"983b4d8\" data-element_type=\"widget\" data-widget_type=\"image.default\">\n\t\t\t\t<div class=\"elementor-widget-container\">\n\t\t\t\t\t\t\t\t<div class=\"elementor-image\">\n\t\t\t\t\t\t\t\t\t\t\t\t<img width=\"525\" height=\"933\" src=\"https:\/\/dinamicline.rs\/wp-content\/uploads\/2018\/11\/MECNIC-CUTTER-576x1024.jpg\" class=\"attachment-large size-large\" alt=\"\" loading=\"lazy\" srcset=\"https:\/\/dinamicline.rs\/wp-content\/uploads\/2018\/11\/MECNIC-CUTTER-576x1024.jpg 576w, https:\/\/dinamicline.rs\/wp-content\/uploads\/2018\/11\/MECNIC-CUTTER-169x300.jpg 169w, https:\/\/dinamicline.rs\/wp-content\/uploads\/2018\/11\/MECNIC-CUTTER-768x1365.jpg 768w\" sizes=\"100vw\" \/>\t\t\t\t\t\t\t\t\t\t\t\t\t\t<\/div>\n\t\t\t\t\t\t<\/div>\n\t\t\t\t<\/div>\n\t\t\t\t\t\t<\/div>\n\t\t\t\t\t<\/div>\n\t\t<\/div>\n\t\t\t\t<div class=\"elementor-column elementor-col-50 elementor-inner-column elementor-element elementor-element-339e2ff\" data-id=\"339e2ff\" data-element_type=\"column\">\n\t\t\t<div class=\"elementor-column-wrap elementor-element-populated\">\n\t\t\t\t\t\t\t<div class=\"elementor-widget-wrap\">\n\t\t\t\t\t\t<div class=\"elementor-element elementor-element-eb93bfd elementor--star-style-star_fontawesome elementor-widget elementor-widget-star-rating\" data-id=\"eb93bfd\" data-element_type=\"widget\" data-widget_type=\"star-rating.default\">\n\t\t\t\t<div class=\"elementor-widget-container\">\n\t\t\t\n\t\t<div class=\"elementor-star-rating__wrapper\">\n\t\t\t\t\t\t<div class=\"elementor-star-rating\" title=\"2\/5\" itemtype=\"http:\/\/schema.org\/Rating\" itemscope=\"\" itemprop=\"reviewRating\"><i class=\"elementor-star-full\">&#xE934;<\/i><i class=\"elementor-star-full\">&#xE934;<\/i><i class=\"elementor-star-empty\">&#xE934;<\/i><i class=\"elementor-star-empty\">&#xE934;<\/i><i class=\"elementor-star-empty\">&#xE934;<\/i> <span itemprop=\"ratingValue\" class=\"elementor-screen-only\">2\/5<\/span><\/div>\t\t<\/div>\n\t\t\t\t<\/div>\n\t\t\t\t<\/div>\n\t\t\t\t<div class=\"elementor-element elementor-element-666a92f elementor-widget elementor-widget-text-editor\" data-id=\"666a92f\" data-element_type=\"widget\" data-widget_type=\"text-editor.default\">\n\t\t\t\t<div class=\"elementor-widget-container\">\n\t\t\t\t\t\t\t\t<div class=\"elementor-text-editor elementor-clearfix\">\n\t\t\t\t<h1><strong>KMSSL-Mechanic<\/strong><\/h1><p><strong>COMBINED SECTIONAL CUTTING AND BENDING MACHINE FOR SHEET METAL<br \/><\/strong><\/p><ul><li>Low to medium production\u00a0<\/li><li>Mechanic tighting and bending<\/li><li>Mechanic cutting device<\/li><\/ul>\t\t\t\t\t<\/div>\n\t\t\t\t\t\t<\/div>\n\t\t\t\t<\/div>\n\t\t\t\t<div class=\"elementor-element elementor-element-f49cdc7 elementor-widget elementor-widget-image\" data-id=\"f49cdc7\" data-element_type=\"widget\" data-widget_type=\"image.default\">\n\t\t\t\t<div class=\"elementor-widget-container\">\n\t\t\t\t\t\t\t\t<div class=\"elementor-image\">\n\t\t\t\t\t\t\t\t\t\t\t\t<img src=\"https:\/\/dinamicline.rs\/wp-content\/uploads\/elementor\/thumbs\/serbia-flag-3d-round-icon-256-oxhritawelolax9qv7dyxildzt23xalxydmqofmf3c.png\" title=\"serbia-flag-3d-round-icon-256\" alt=\"serbia-flag-3d-round-icon-256\" \/>\t\t\t\t\t\t\t\t\t\t\t\t\t\t<\/div>\n\t\t\t\t\t\t<\/div>\n\t\t\t\t<\/div>\n\t\t\t\t<div class=\"elementor-element elementor-element-96eea95 elementor-widget elementor-widget-text-editor\" data-id=\"96eea95\" data-element_type=\"widget\" data-widget_type=\"text-editor.default\">\n\t\t\t\t<div class=\"elementor-widget-container\">\n\t\t\t\t\t\t\t\t<div class=\"elementor-text-editor elementor-clearfix\">\n\t\t\t\t<p><strong>APIPONG \u2013<\/strong><strong> SAVIJA\u010cICA LIMA <br \/><\/strong><\/p><p><strong>KOMBINOVANA\u00a0 SEGMENTNA MA\u0160INA ZA SE\u010cENJE I SAVIJANJE LIMA<\/strong><\/p><ul><li>Ni\u017ea do srednja produkcija<\/li><li>Mehani\u010dko stezanje i savijanje<\/li><li>Mehani\u010dke makaze<\/li><\/ul>\t\t\t\t\t<\/div>\n\t\t\t\t\t\t<\/div>\n\t\t\t\t<\/div>\n\t\t\t\t\t\t<\/div>\n\t\t\t\t\t<\/div>\n\t\t<\/div>\n\t\t\t\t\t\t\t\t<\/div>\n\t\t\t\t\t<\/div>\n\t\t<\/section>\n\t\t\t\t\t\t<\/div>\n\t\t\t\t\t<\/div>\n\t\t<\/div>\n\t\t\t\t\t\t\t\t<\/div>\n\t\t\t\t\t<\/div>\n\t\t<\/section>\n\t\t\t\t\t\t\t\t\t<\/div>\n\t\t\t<\/div>\n\t\t\t\t\t<\/div>\n\t\t","protected":false},"excerpt":{"rendered":"<p>&#xE934;&#xE934;&#xE934;&#xE934;&#xE934; 2\/5 KMSSL-Mechanic COMBINED SECTIONAL CUTTING AND BENDING MACHINE FOR SHEET METAL Low to medium production\u00a0 Mechanic tighting and bending Mechanic cutting device APIPONG \u2013 SAVIJA\u010cICA LIMA KOMBINOVANA\u00a0 SEGMENTNA MA\u0160INA ZA SE\u010cENJE I SAVIJANJE LIMA Ni\u017ea do srednja produkcija Mehani\u010dko stezanje i savijanje Mehani\u010dke makaze<\/p>\n","protected":false},"author":1,"featured_media":0,"parent":0,"menu_order":0,"comment_status":"closed","ping_status":"closed","template":"","meta":[],"yoast_head":"<!-- This site is optimized with the Yoast SEO plugin v15.2.1 - https:\/\/yoast.com\/wordpress\/plugins\/seo\/ -->\n<title>MECHANIC - Dinamic Line<\/title>\n<meta name=\"robots\" content=\"index, follow, max-snippet:-1, max-image-preview:large, max-video-preview:-1\" \/>\n<link rel=\"canonical\" href=\"https:\/\/dinamicline.rs\/?page_id=120\" \/>\n<meta property=\"og:locale\" content=\"en_US\" \/>\n<meta property=\"og:type\" content=\"article\" \/>\n<meta property=\"og:title\" content=\"MECHANIC - Dinamic Line\" \/>\n<meta property=\"og:description\" content=\"&#xE934;&#xE934;&#xE934;&#xE934;&#xE934; 2\/5 KMSSL-Mechanic COMBINED SECTIONAL CUTTING AND BENDING MACHINE FOR SHEET METAL Low to medium production\u00a0 Mechanic tighting and bending Mechanic cutting device APIPONG \u2013 SAVIJA\u010cICA LIMA KOMBINOVANA\u00a0 SEGMENTNA MA\u0160INA ZA SE\u010cENJE I SAVIJANJE LIMA Ni\u017ea do srednja produkcija Mehani\u010dko stezanje i savijanje Mehani\u010dke makaze\" \/>\n<meta property=\"og:url\" content=\"https:\/\/dinamicline.rs\/?page_id=120\" \/>\n<meta property=\"og:site_name\" content=\"Dinamic Line\" \/>\n<meta property=\"article:modified_time\" content=\"2020-10-27T08:17:16+00:00\" \/>\n<meta property=\"og:image\" content=\"https:\/\/dinamicline.rs\/wp-content\/uploads\/2020\/10\/savijacica-lima-rucna-1024x498.jpg\" \/>\n<meta name=\"twitter:card\" content=\"summary_large_image\" \/>\n<meta name=\"twitter:label1\" content=\"Written by\">\n\t<meta name=\"twitter:data1\" content=\"admin\">\n\t<meta name=\"twitter:label2\" content=\"Est. reading time\">\n\t<meta name=\"twitter:data2\" content=\"0 minutes\">\n<script type=\"application\/ld+json\" class=\"yoast-schema-graph\">{\"@context\":\"https:\/\/schema.org\",\"@graph\":[{\"@type\":\"Organization\",\"@id\":\"https:\/\/dinamicline.rs\/#organization\",\"name\":\"Dinamic Line\",\"url\":\"https:\/\/dinamicline.rs\/\",\"sameAs\":[],\"logo\":{\"@type\":\"ImageObject\",\"@id\":\"https:\/\/dinamicline.rs\/#logo\",\"inLanguage\":\"en-US\",\"url\":\"https:\/\/dinamicline.rs\/wp-content\/uploads\/2020\/11\/Dinamic-Line-logo.png\",\"width\":579,\"height\":259,\"caption\":\"Dinamic Line\"},\"image\":{\"@id\":\"https:\/\/dinamicline.rs\/#logo\"}},{\"@type\":\"WebSite\",\"@id\":\"https:\/\/dinamicline.rs\/#website\",\"url\":\"https:\/\/dinamicline.rs\/\",\"name\":\"Dinamic Line\",\"description\":\"Premium machine for metal sheets\",\"publisher\":{\"@id\":\"https:\/\/dinamicline.rs\/#organization\"},\"potentialAction\":[{\"@type\":\"SearchAction\",\"target\":\"https:\/\/dinamicline.rs\/?s={search_term_string}\",\"query-input\":\"required name=search_term_string\"}],\"inLanguage\":\"en-US\"},{\"@type\":\"ImageObject\",\"@id\":\"https:\/\/dinamicline.rs\/?page_id=120#primaryimage\",\"inLanguage\":\"en-US\",\"url\":\"https:\/\/dinamicline.rs\/wp-content\/uploads\/2020\/10\/savijacica-lima-rucna.jpg\",\"width\":1600,\"height\":778,\"caption\":\"savijacica lima apipong limarska masina\"},{\"@type\":\"WebPage\",\"@id\":\"https:\/\/dinamicline.rs\/?page_id=120#webpage\",\"url\":\"https:\/\/dinamicline.rs\/?page_id=120\",\"name\":\"MECHANIC - Dinamic Line\",\"isPartOf\":{\"@id\":\"https:\/\/dinamicline.rs\/#website\"},\"primaryImageOfPage\":{\"@id\":\"https:\/\/dinamicline.rs\/?page_id=120#primaryimage\"},\"datePublished\":\"2018-11-21T11:40:56+00:00\",\"dateModified\":\"2020-10-27T08:17:16+00:00\",\"inLanguage\":\"en-US\",\"potentialAction\":[{\"@type\":\"ReadAction\",\"target\":[\"https:\/\/dinamicline.rs\/?page_id=120\"]}]}]}<\/script>\n<!-- \/ Yoast SEO plugin. -->","_links":{"self":[{"href":"https:\/\/dinamicline.rs\/index.php?rest_route=\/wp\/v2\/pages\/120"}],"collection":[{"href":"https:\/\/dinamicline.rs\/index.php?rest_route=\/wp\/v2\/pages"}],"about":[{"href":"https:\/\/dinamicline.rs\/index.php?rest_route=\/wp\/v2\/types\/page"}],"author":[{"embeddable":true,"href":"https:\/\/dinamicline.rs\/index.php?rest_route=\/wp\/v2\/users\/1"}],"replies":[{"embeddable":true,"href":"https:\/\/dinamicline.rs\/index.php?rest_route=%2Fwp%2Fv2%2Fcomments&post=120"}],"version-history":[{"count":9,"href":"https:\/\/dinamicline.rs\/index.php?rest_route=\/wp\/v2\/pages\/120\/revisions"}],"predecessor-version":[{"id":613,"href":"https:\/\/dinamicline.rs\/index.php?rest_route=\/wp\/v2\/pages\/120\/revisions\/613"}],"wp:attachment":[{"href":"https:\/\/dinamicline.rs\/index.php?rest_route=%2Fwp%2Fv2%2Fmedia&parent=120"}],"curies":[{"name":"wp","href":"https:\/\/api.w.org\/{rel}","templated":true}]}}