{"id":118,"date":"2018-11-21T11:40:56","date_gmt":"2018-11-21T11:40:56","guid":{"rendered":"https:\/\/dinamicline.rs\/?page_id=118"},"modified":"2022-05-18T12:00:22","modified_gmt":"2022-05-18T12:00:22","slug":"hydraulic-cutting-bending-machine-for-sheet-metal-hidraulicne-limarske-masine-za-secenje-i-savijanje-lima","status":"publish","type":"page","link":"https:\/\/dinamicline.rs\/?page_id=118","title":{"rendered":"HYDRAULIC"},"content":{"rendered":"\t\t<div data-elementor-type=\"wp-post\" data-elementor-id=\"118\" class=\"elementor elementor-118\">\n\t\t\t\t\t\t<div class=\"elementor-inner\">\n\t\t\t\t<div class=\"elementor-section-wrap\">\n\t\t\t\t\t\t\t\t\t<section class=\"elementor-section elementor-top-section elementor-element elementor-element-0e3108f elementor-section-boxed elementor-section-height-default elementor-section-height-default\" data-id=\"0e3108f\" data-element_type=\"section\">\n\t\t\t\t\t\t<div class=\"elementor-container elementor-column-gap-default\">\n\t\t\t\t\t\t\t<div class=\"elementor-row\">\n\t\t\t\t\t<div class=\"elementor-column elementor-col-100 elementor-top-column elementor-element elementor-element-c554b82\" data-id=\"c554b82\" data-element_type=\"column\">\n\t\t\t<div class=\"elementor-column-wrap elementor-element-populated\">\n\t\t\t\t\t\t\t<div class=\"elementor-widget-wrap\">\n\t\t\t\t\t\t<section class=\"elementor-section elementor-inner-section elementor-element elementor-element-2fcd495 elementor-section-boxed elementor-section-height-default elementor-section-height-default\" data-id=\"2fcd495\" data-element_type=\"section\">\n\t\t\t\t\t\t<div class=\"elementor-container elementor-column-gap-default\">\n\t\t\t\t\t\t\t<div class=\"elementor-row\">\n\t\t\t\t\t<div class=\"elementor-column elementor-col-50 elementor-inner-column elementor-element elementor-element-b13dedc\" data-id=\"b13dedc\" data-element_type=\"column\">\n\t\t\t<div class=\"elementor-column-wrap elementor-element-populated\">\n\t\t\t\t\t\t\t<div class=\"elementor-widget-wrap\">\n\t\t\t\t\t\t<div class=\"elementor-element elementor-element-cb35b56 elementor-widget elementor-widget-image\" data-id=\"cb35b56\" data-element_type=\"widget\" data-widget_type=\"image.default\">\n\t\t\t\t<div class=\"elementor-widget-container\">\n\t\t\t\t\t\t\t\t<div class=\"elementor-image\">\n\t\t\t\t\t\t\t\t\t\t\t\t<img width=\"525\" height=\"350\" src=\"https:\/\/dinamicline.rs\/wp-content\/uploads\/2020\/10\/apipong-1024x683.jpg\" class=\"attachment-large size-large\" alt=\"savijacica lima apipong limarska masina\" loading=\"lazy\" srcset=\"https:\/\/dinamicline.rs\/wp-content\/uploads\/2020\/10\/apipong-1024x683.jpg 1024w, https:\/\/dinamicline.rs\/wp-content\/uploads\/2020\/10\/apipong-300x200.jpg 300w, https:\/\/dinamicline.rs\/wp-content\/uploads\/2020\/10\/apipong-768x512.jpg 768w\" sizes=\"100vw\" \/>\t\t\t\t\t\t\t\t\t\t\t\t\t\t<\/div>\n\t\t\t\t\t\t<\/div>\n\t\t\t\t<\/div>\n\t\t\t\t<div class=\"elementor-element elementor-element-617c546 elementor-widget elementor-widget-image\" data-id=\"617c546\" data-element_type=\"widget\" data-widget_type=\"image.default\">\n\t\t\t\t<div class=\"elementor-widget-container\">\n\t\t\t\t\t\t\t\t<div class=\"elementor-image\">\n\t\t\t\t\t\t\t\t\t\t\t\t<img width=\"525\" height=\"255\" src=\"https:\/\/dinamicline.rs\/wp-content\/uploads\/2020\/10\/savijacica-lima-poluautomatska-1024x498.jpg\" class=\"attachment-large size-large\" alt=\"savijacica lima apipong limarska masina\" loading=\"lazy\" srcset=\"https:\/\/dinamicline.rs\/wp-content\/uploads\/2020\/10\/savijacica-lima-poluautomatska-1024x498.jpg 1024w, https:\/\/dinamicline.rs\/wp-content\/uploads\/2020\/10\/savijacica-lima-poluautomatska-300x146.jpg 300w, https:\/\/dinamicline.rs\/wp-content\/uploads\/2020\/10\/savijacica-lima-poluautomatska-768x373.jpg 768w, https:\/\/dinamicline.rs\/wp-content\/uploads\/2020\/10\/savijacica-lima-poluautomatska.jpg 1600w\" sizes=\"100vw\" \/>\t\t\t\t\t\t\t\t\t\t\t\t\t\t<\/div>\n\t\t\t\t\t\t<\/div>\n\t\t\t\t<\/div>\n\t\t\t\t<div class=\"elementor-element elementor-element-8f05db7 elementor-widget elementor-widget-image\" data-id=\"8f05db7\" data-element_type=\"widget\" data-widget_type=\"image.default\">\n\t\t\t\t<div class=\"elementor-widget-container\">\n\t\t\t\t\t\t\t\t<div class=\"elementor-image\">\n\t\t\t\t\t\t\t\t\t\t\t\t<img width=\"525\" height=\"295\" src=\"https:\/\/dinamicline.rs\/wp-content\/uploads\/2018\/11\/hydraulic-1024x576.jpg\" class=\"attachment-large size-large\" alt=\"masina za savijanje lima\" loading=\"lazy\" srcset=\"https:\/\/dinamicline.rs\/wp-content\/uploads\/2018\/11\/hydraulic-1024x576.jpg 1024w, https:\/\/dinamicline.rs\/wp-content\/uploads\/2018\/11\/hydraulic-300x169.jpg 300w, https:\/\/dinamicline.rs\/wp-content\/uploads\/2018\/11\/hydraulic-768x432.jpg 768w\" sizes=\"100vw\" \/>\t\t\t\t\t\t\t\t\t\t\t\t\t\t<\/div>\n\t\t\t\t\t\t<\/div>\n\t\t\t\t<\/div>\n\t\t\t\t<div class=\"elementor-element elementor-element-6640678 elementor-widget elementor-widget-image\" data-id=\"6640678\" data-element_type=\"widget\" data-widget_type=\"image.default\">\n\t\t\t\t<div class=\"elementor-widget-container\">\n\t\t\t\t\t\t\t\t<div class=\"elementor-image\">\n\t\t\t\t\t\t\t\t\t\t\t\t<img width=\"525\" height=\"295\" src=\"https:\/\/dinamicline.rs\/wp-content\/uploads\/2018\/11\/hydra2-1024x576.jpg\" class=\"attachment-large size-large\" alt=\"masina za savijanje lima\" loading=\"lazy\" srcset=\"https:\/\/dinamicline.rs\/wp-content\/uploads\/2018\/11\/hydra2-1024x576.jpg 1024w, https:\/\/dinamicline.rs\/wp-content\/uploads\/2018\/11\/hydra2-300x169.jpg 300w, https:\/\/dinamicline.rs\/wp-content\/uploads\/2018\/11\/hydra2-768x432.jpg 768w\" sizes=\"100vw\" \/>\t\t\t\t\t\t\t\t\t\t\t\t\t\t<\/div>\n\t\t\t\t\t\t<\/div>\n\t\t\t\t<\/div>\n\t\t\t\t<div class=\"elementor-element elementor-element-93606ce elementor-widget elementor-widget-image\" data-id=\"93606ce\" data-element_type=\"widget\" data-widget_type=\"image.default\">\n\t\t\t\t<div class=\"elementor-widget-container\">\n\t\t\t\t\t\t\t\t<div class=\"elementor-image\">\n\t\t\t\t\t\t\t\t\t\t\t\t<img width=\"525\" height=\"255\" src=\"https:\/\/dinamicline.rs\/wp-content\/uploads\/2020\/10\/apipong-hidraulicna-1024x498.jpg\" class=\"attachment-large size-large\" alt=\"savijacica lima apipong limarska masina\" loading=\"lazy\" srcset=\"https:\/\/dinamicline.rs\/wp-content\/uploads\/2020\/10\/apipong-hidraulicna-1024x498.jpg 1024w, https:\/\/dinamicline.rs\/wp-content\/uploads\/2020\/10\/apipong-hidraulicna-300x146.jpg 300w, https:\/\/dinamicline.rs\/wp-content\/uploads\/2020\/10\/apipong-hidraulicna-768x373.jpg 768w, https:\/\/dinamicline.rs\/wp-content\/uploads\/2020\/10\/apipong-hidraulicna.jpg 1600w\" sizes=\"100vw\" \/>\t\t\t\t\t\t\t\t\t\t\t\t\t\t<\/div>\n\t\t\t\t\t\t<\/div>\n\t\t\t\t<\/div>\n\t\t\t\t<div class=\"elementor-element elementor-element-658cf9d elementor-widget elementor-widget-image\" data-id=\"658cf9d\" data-element_type=\"widget\" data-widget_type=\"image.default\">\n\t\t\t\t<div class=\"elementor-widget-container\">\n\t\t\t\t\t\t\t\t<div class=\"elementor-image\">\n\t\t\t\t\t\t\t\t\t\t\t\t<img width=\"525\" height=\"394\" src=\"https:\/\/dinamicline.rs\/wp-content\/uploads\/2018\/11\/IMG-99241341370d7374117c41905e737279-V-1024x768.jpg\" class=\"attachment-large size-large\" alt=\"\" loading=\"lazy\" srcset=\"https:\/\/dinamicline.rs\/wp-content\/uploads\/2018\/11\/IMG-99241341370d7374117c41905e737279-V-1024x768.jpg 1024w, https:\/\/dinamicline.rs\/wp-content\/uploads\/2018\/11\/IMG-99241341370d7374117c41905e737279-V-300x225.jpg 300w, https:\/\/dinamicline.rs\/wp-content\/uploads\/2018\/11\/IMG-99241341370d7374117c41905e737279-V-768x576.jpg 768w, https:\/\/dinamicline.rs\/wp-content\/uploads\/2018\/11\/IMG-99241341370d7374117c41905e737279-V.jpg 1280w\" sizes=\"100vw\" \/>\t\t\t\t\t\t\t\t\t\t\t\t\t\t<\/div>\n\t\t\t\t\t\t<\/div>\n\t\t\t\t<\/div>\n\t\t\t\t<div class=\"elementor-element elementor-element-a6fe45a elementor-aspect-ratio-169 elementor-widget elementor-widget-video\" data-id=\"a6fe45a\" data-element_type=\"widget\" data-settings=\"{&quot;youtube_url&quot;:&quot;https:\\\/\\\/www.youtube.com\\\/watch?v=0BWb6BrtGoA&amp;feature=youtu.be&quot;,&quot;video_type&quot;:&quot;youtube&quot;,&quot;controls&quot;:&quot;yes&quot;,&quot;aspect_ratio&quot;:&quot;169&quot;}\" data-widget_type=\"video.default\">\n\t\t\t\t<div class=\"elementor-widget-container\">\n\t\t\t\t\t<div class=\"elementor-wrapper elementor-fit-aspect-ratio elementor-open-inline\">\n\t\t\t<div class=\"elementor-video\"><\/div>\t\t<\/div>\n\t\t\t\t<\/div>\n\t\t\t\t<\/div>\n\t\t\t\t<div class=\"elementor-element elementor-element-ed78b89 elementor-aspect-ratio-169 elementor-widget elementor-widget-video\" data-id=\"ed78b89\" data-element_type=\"widget\" data-settings=\"{&quot;youtube_url&quot;:&quot;https:\\\/\\\/www.youtube.com\\\/watch?v=RPYVbraSwmE&quot;,&quot;video_type&quot;:&quot;youtube&quot;,&quot;controls&quot;:&quot;yes&quot;,&quot;aspect_ratio&quot;:&quot;169&quot;}\" data-widget_type=\"video.default\">\n\t\t\t\t<div class=\"elementor-widget-container\">\n\t\t\t\t\t<div class=\"elementor-wrapper elementor-fit-aspect-ratio elementor-open-inline\">\n\t\t\t<div class=\"elementor-video\"><\/div>\t\t<\/div>\n\t\t\t\t<\/div>\n\t\t\t\t<\/div>\n\t\t\t\t<div class=\"elementor-element elementor-element-58fdf88 elementor-aspect-ratio-169 elementor-widget elementor-widget-video\" data-id=\"58fdf88\" data-element_type=\"widget\" data-settings=\"{&quot;youtube_url&quot;:&quot;https:\\\/\\\/www.youtube.com\\\/watch?v=DVIr3fFO64g&quot;,&quot;video_type&quot;:&quot;youtube&quot;,&quot;controls&quot;:&quot;yes&quot;,&quot;aspect_ratio&quot;:&quot;169&quot;}\" data-widget_type=\"video.default\">\n\t\t\t\t<div class=\"elementor-widget-container\">\n\t\t\t\t\t<div class=\"elementor-wrapper elementor-fit-aspect-ratio elementor-open-inline\">\n\t\t\t<div class=\"elementor-video\"><\/div>\t\t<\/div>\n\t\t\t\t<\/div>\n\t\t\t\t<\/div>\n\t\t\t\t\t\t<\/div>\n\t\t\t\t\t<\/div>\n\t\t<\/div>\n\t\t\t\t<div class=\"elementor-column elementor-col-50 elementor-inner-column elementor-element elementor-element-9c3e16e\" data-id=\"9c3e16e\" data-element_type=\"column\">\n\t\t\t<div class=\"elementor-column-wrap elementor-element-populated\">\n\t\t\t\t\t\t\t<div class=\"elementor-widget-wrap\">\n\t\t\t\t\t\t<div class=\"elementor-element elementor-element-f020b4b elementor--star-style-star_fontawesome elementor-widget elementor-widget-star-rating\" data-id=\"f020b4b\" data-element_type=\"widget\" data-widget_type=\"star-rating.default\">\n\t\t\t\t<div class=\"elementor-widget-container\">\n\t\t\t\n\t\t<div class=\"elementor-star-rating__wrapper\">\n\t\t\t\t\t\t<div class=\"elementor-star-rating\" title=\"3\/5\" itemtype=\"http:\/\/schema.org\/Rating\" itemscope=\"\" itemprop=\"reviewRating\"><i class=\"elementor-star-full\">&#xE934;<\/i><i class=\"elementor-star-full\">&#xE934;<\/i><i class=\"elementor-star-full\">&#xE934;<\/i><i class=\"elementor-star-empty\">&#xE934;<\/i><i class=\"elementor-star-empty\">&#xE934;<\/i> <span itemprop=\"ratingValue\" class=\"elementor-screen-only\">3\/5<\/span><\/div>\t\t<\/div>\n\t\t\t\t<\/div>\n\t\t\t\t<\/div>\n\t\t\t\t<div class=\"elementor-element elementor-element-11c787d elementor-widget elementor-widget-text-editor\" data-id=\"11c787d\" data-element_type=\"widget\" data-widget_type=\"text-editor.default\">\n\t\t\t\t<div class=\"elementor-widget-container\">\n\t\t\t\t\t\t\t\t<div class=\"elementor-text-editor elementor-clearfix\">\n\t\t\t\t<h1><strong>KMSSL-Hydraulic<\/strong><\/h1><p><strong>COMBINED SECTIONAL CUTTING AND BENDING MACHINE FOR SHEET METAL<br \/><\/strong><\/p><ul><li>Ultra fast<\/li><li>Medium production\u00a0<\/li><li>Hydraulic tighting and bending<\/li><li>Electric cutting device<\/li><li>Designed for fast work with tasters &amp; angle device<\/li><li>Security sytem by e-stop &amp; cable<\/li><li>Footswitch for 2 operators<\/li><\/ul>\t\t\t\t\t<\/div>\n\t\t\t\t\t\t<\/div>\n\t\t\t\t<\/div>\n\t\t\t\t<div class=\"elementor-element elementor-element-b7ca969 elementor-widget elementor-widget-image\" data-id=\"b7ca969\" data-element_type=\"widget\" data-widget_type=\"image.default\">\n\t\t\t\t<div class=\"elementor-widget-container\">\n\t\t\t\t\t\t\t\t<div class=\"elementor-image\">\n\t\t\t\t\t\t\t\t\t\t\t\t<img src=\"https:\/\/dinamicline.rs\/wp-content\/uploads\/elementor\/thumbs\/serbia-flag-3d-round-icon-256-oxhritawelolax9qv7dyxildzt23xalxydmqofmf3c.png\" title=\"serbia-flag-3d-round-icon-256\" alt=\"serbia-flag-3d-round-icon-256\" \/>\t\t\t\t\t\t\t\t\t\t\t\t\t\t<\/div>\n\t\t\t\t\t\t<\/div>\n\t\t\t\t<\/div>\n\t\t\t\t<div class=\"elementor-element elementor-element-96c1964 elementor-widget elementor-widget-text-editor\" data-id=\"96c1964\" data-element_type=\"widget\" data-widget_type=\"text-editor.default\">\n\t\t\t\t<div class=\"elementor-widget-container\">\n\t\t\t\t\t\t\t\t<div class=\"elementor-text-editor elementor-clearfix\">\n\t\t\t\t<p><strong>HIDRAULI\u010cNI APIPONG &#8211; SAVIJA\u010cICA LIMA<\/strong><\/p>\n<p><strong>KOMBINOVANA&nbsp; SEGMENTNA MA\u0160INA ZA AUTOMATSKO SE\u010cENJE I SAVIJANJE LIMA<\/strong><\/p>\n<ul>\n<li>Ultra brza<\/li>\n<li>Medijum to high produkcija<\/li>\n<li>Hidrauli\u010dno stezanje i savijanje<\/li>\n<li>Elektri\u010dne makaze<\/li>\n<li>Dizajnirana za brzi rad pomo\u0107u tastera i uglomera<\/li>\n<li>Multi sigurnosni sistem<\/li>\n<li>Papu\u010dice za 2 operatera<\/li>\n<\/ul>\t\t\t\t\t<\/div>\n\t\t\t\t\t\t<\/div>\n\t\t\t\t<\/div>\n\t\t\t\t\t\t<\/div>\n\t\t\t\t\t<\/div>\n\t\t<\/div>\n\t\t\t\t\t\t\t\t<\/div>\n\t\t\t\t\t<\/div>\n\t\t<\/section>\n\t\t\t\t\t\t<\/div>\n\t\t\t\t\t<\/div>\n\t\t<\/div>\n\t\t\t\t\t\t\t\t<\/div>\n\t\t\t\t\t<\/div>\n\t\t<\/section>\n\t\t\t\t\t\t\t\t\t<\/div>\n\t\t\t<\/div>\n\t\t\t\t\t<\/div>\n\t\t","protected":false},"excerpt":{"rendered":"<p>&#xE934;&#xE934;&#xE934;&#xE934;&#xE934; 3\/5 KMSSL-Hydraulic COMBINED SECTIONAL CUTTING AND BENDING MACHINE FOR SHEET METAL Ultra fast Medium production\u00a0 Hydraulic tighting and bending Electric cutting device Designed for fast work with tasters &amp; angle device Security sytem by e-stop &amp; cable Footswitch for 2 operators HIDRAULI\u010cNI APIPONG &#8211; SAVIJA\u010cICA LIMA KOMBINOVANA&nbsp; SEGMENTNA MA\u0160INA ZA AUTOMATSKO SE\u010cENJE I SAVIJANJE &hellip; <\/p>\n<p class=\"link-more\"><a href=\"https:\/\/dinamicline.rs\/?page_id=118\" class=\"more-link\">Continue reading<span class=\"screen-reader-text\"> &#8220;HYDRAULIC&#8221;<\/span><\/a><\/p>\n","protected":false},"author":1,"featured_media":0,"parent":0,"menu_order":0,"comment_status":"closed","ping_status":"closed","template":"","meta":[],"yoast_head":"<!-- This site is optimized with the Yoast SEO plugin v15.2.1 - https:\/\/yoast.com\/wordpress\/plugins\/seo\/ -->\n<title>HYDRAULIC Hidrauli\u010dne limarske ma\u0161ine - Dinamic Line<\/title>\n<meta name=\"description\" content=\"Hydraulic cutting &amp; bending machine for sheet metal, hidrauli\u010dne limarske ma\u0161ine za se\u010denje i savijanje lima\" \/>\n<meta name=\"robots\" content=\"index, follow, max-snippet:-1, max-image-preview:large, max-video-preview:-1\" \/>\n<link rel=\"canonical\" href=\"https:\/\/dinamicline.rs\/?page_id=118\" \/>\n<meta property=\"og:locale\" content=\"en_US\" \/>\n<meta property=\"og:type\" content=\"article\" \/>\n<meta property=\"og:title\" content=\"HYDRAULIC Hidrauli\u010dne limarske ma\u0161ine - Dinamic Line\" \/>\n<meta property=\"og:description\" content=\"Hydraulic cutting &amp; bending machine for sheet metal, hidrauli\u010dne limarske ma\u0161ine za se\u010denje i savijanje lima\" \/>\n<meta property=\"og:url\" content=\"https:\/\/dinamicline.rs\/?page_id=118\" \/>\n<meta property=\"og:site_name\" content=\"Dinamic Line\" \/>\n<meta property=\"article:modified_time\" content=\"2022-05-18T12:00:22+00:00\" \/>\n<meta property=\"og:image\" content=\"https:\/\/dinamicline.rs\/wp-content\/uploads\/2020\/10\/apipong-1024x683.jpg\" \/>\n<meta name=\"twitter:card\" content=\"summary_large_image\" \/>\n<meta name=\"twitter:label1\" content=\"Written by\">\n\t<meta name=\"twitter:data1\" content=\"admin\">\n\t<meta name=\"twitter:label2\" content=\"Est. reading time\">\n\t<meta name=\"twitter:data2\" content=\"0 minutes\">\n<script type=\"application\/ld+json\" class=\"yoast-schema-graph\">{\"@context\":\"https:\/\/schema.org\",\"@graph\":[{\"@type\":\"Organization\",\"@id\":\"https:\/\/dinamicline.rs\/#organization\",\"name\":\"Dinamic Line\",\"url\":\"https:\/\/dinamicline.rs\/\",\"sameAs\":[],\"logo\":{\"@type\":\"ImageObject\",\"@id\":\"https:\/\/dinamicline.rs\/#logo\",\"inLanguage\":\"en-US\",\"url\":\"https:\/\/dinamicline.rs\/wp-content\/uploads\/2020\/11\/Dinamic-Line-logo.png\",\"width\":579,\"height\":259,\"caption\":\"Dinamic Line\"},\"image\":{\"@id\":\"https:\/\/dinamicline.rs\/#logo\"}},{\"@type\":\"WebSite\",\"@id\":\"https:\/\/dinamicline.rs\/#website\",\"url\":\"https:\/\/dinamicline.rs\/\",\"name\":\"Dinamic Line\",\"description\":\"Premium machine for metal sheets\",\"publisher\":{\"@id\":\"https:\/\/dinamicline.rs\/#organization\"},\"potentialAction\":[{\"@type\":\"SearchAction\",\"target\":\"https:\/\/dinamicline.rs\/?s={search_term_string}\",\"query-input\":\"required name=search_term_string\"}],\"inLanguage\":\"en-US\"},{\"@type\":\"ImageObject\",\"@id\":\"https:\/\/dinamicline.rs\/?page_id=118#primaryimage\",\"inLanguage\":\"en-US\",\"url\":\"https:\/\/dinamicline.rs\/wp-content\/uploads\/2020\/10\/apipong.jpg\",\"width\":4512,\"height\":3008,\"caption\":\"savijacica lima apipong limarska masina\"},{\"@type\":\"WebPage\",\"@id\":\"https:\/\/dinamicline.rs\/?page_id=118#webpage\",\"url\":\"https:\/\/dinamicline.rs\/?page_id=118\",\"name\":\"HYDRAULIC Hidrauli\\u010dne limarske ma\\u0161ine - Dinamic Line\",\"isPartOf\":{\"@id\":\"https:\/\/dinamicline.rs\/#website\"},\"primaryImageOfPage\":{\"@id\":\"https:\/\/dinamicline.rs\/?page_id=118#primaryimage\"},\"datePublished\":\"2018-11-21T11:40:56+00:00\",\"dateModified\":\"2022-05-18T12:00:22+00:00\",\"description\":\"Hydraulic cutting & bending machine for sheet metal, hidrauli\\u010dne limarske ma\\u0161ine za se\\u010denje i savijanje lima\",\"inLanguage\":\"en-US\",\"potentialAction\":[{\"@type\":\"ReadAction\",\"target\":[\"https:\/\/dinamicline.rs\/?page_id=118\"]}]}]}<\/script>\n<!-- \/ Yoast SEO plugin. -->","_links":{"self":[{"href":"https:\/\/dinamicline.rs\/index.php?rest_route=\/wp\/v2\/pages\/118"}],"collection":[{"href":"https:\/\/dinamicline.rs\/index.php?rest_route=\/wp\/v2\/pages"}],"about":[{"href":"https:\/\/dinamicline.rs\/index.php?rest_route=\/wp\/v2\/types\/page"}],"author":[{"embeddable":true,"href":"https:\/\/dinamicline.rs\/index.php?rest_route=\/wp\/v2\/users\/1"}],"replies":[{"embeddable":true,"href":"https:\/\/dinamicline.rs\/index.php?rest_route=%2Fwp%2Fv2%2Fcomments&post=118"}],"version-history":[{"count":29,"href":"https:\/\/dinamicline.rs\/index.php?rest_route=\/wp\/v2\/pages\/118\/revisions"}],"predecessor-version":[{"id":786,"href":"https:\/\/dinamicline.rs\/index.php?rest_route=\/wp\/v2\/pages\/118\/revisions\/786"}],"wp:attachment":[{"href":"https:\/\/dinamicline.rs\/index.php?rest_route=%2Fwp%2Fv2%2Fmedia&parent=118"}],"curies":[{"name":"wp","href":"https:\/\/api.w.org\/{rel}","templated":true}]}}